{"id":24,"date":"2025-10-22T17:55:13","date_gmt":"2025-10-22T15:55:13","guid":{"rendered":"https:\/\/derreporter.ch\/?page_id=24"},"modified":"2026-02-02T10:56:17","modified_gmt":"2026-02-02T09:56:17","slug":"der-reporter","status":"publish","type":"page","link":"https:\/\/derreporter.ch\/","title":{"rendered":"Der Reporter"},"content":{"rendered":"\t\t<div data-elementor-type=\"wp-page\" data-elementor-id=\"24\" class=\"elementor elementor-24\" data-elementor-post-type=\"page\">\n\t\t\t\t<div class=\"elementor-element elementor-element-5ee5f28b e-con-full e-flex e-con e-parent\" data-id=\"5ee5f28b\" data-element_type=\"container\" data-settings=\"{&quot;background_background&quot;:&quot;classic&quot;}\">\n\t\t<div class=\"elementor-element elementor-element-1ab7acd4 elementor-hidden-mobile e-flex e-con-boxed e-con e-child\" data-id=\"1ab7acd4\" data-element_type=\"container\" data-settings=\"{&quot;background_background&quot;:&quot;classic&quot;}\">\n\t\t\t\t\t<div class=\"e-con-inner\">\n\t\t\t\t<div class=\"elementor-element elementor-element-3a545955 elementor-widget elementor-widget-heading\" data-id=\"3a545955\" data-element_type=\"widget\" data-widget_type=\"heading.default\">\n\t\t\t\t\t<h1 class=\"elementor-heading-title elementor-size-default\">\u00abDer Reporter \u2013 <br>\nGeschichten jenseits <br>\nder Dreharbeiten\u00bb<\/h1>\t\t\t\t<\/div>\n\t\t\t\t<div class=\"elementor-element elementor-element-1c448c8e elementor-widget elementor-widget-text-editor\" data-id=\"1c448c8e\" data-element_type=\"widget\" data-widget_type=\"text-editor.default\">\n\t\t\t\t\t\t\t\t\t<p>Ein Buch von Hanspeter B\u00e4ni<\/p>\t\t\t\t\t\t\t\t<\/div>\n\t\t\t\t\t<\/div>\n\t\t\t\t<\/div>\n\t\t\t\t<\/div>\n\t\t<div class=\"elementor-element elementor-element-1f40abc e-flex e-con-boxed e-con e-parent\" data-id=\"1f40abc\" data-element_type=\"container\">\n\t\t\t\t\t<div class=\"e-con-inner\">\n\t\t<div class=\"elementor-element elementor-element-96fbe89 elementor-hidden-desktop elementor-hidden-tablet e-con-full e-flex e-con e-child\" data-id=\"96fbe89\" data-element_type=\"container\" data-settings=\"{&quot;background_background&quot;:&quot;classic&quot;}\">\n\t\t\t\t<div class=\"elementor-element elementor-element-f422815 elementor-widget elementor-widget-heading\" data-id=\"f422815\" data-element_type=\"widget\" data-widget_type=\"heading.default\">\n\t\t\t\t\t<h1 class=\"elementor-heading-title elementor-size-default\">\u00abDer Reporter \u2013 <br>\nGeschichten jenseits <br>\nder Dreharbeiten\u00bb<\/h1>\t\t\t\t<\/div>\n\t\t\t\t<div class=\"elementor-element elementor-element-fe0b96f elementor-widget elementor-widget-text-editor\" data-id=\"fe0b96f\" data-element_type=\"widget\" data-widget_type=\"text-editor.default\">\n\t\t\t\t\t\t\t\t\t<p>Ein Buch von Hanspeter B\u00e4ni<\/p>\t\t\t\t\t\t\t\t<\/div>\n\t\t\t\t<\/div>\n\t\t\t\t\t<\/div>\n\t\t\t\t<\/div>\n\t\t<div class=\"elementor-element elementor-element-69deb377 e-flex e-con-boxed e-con e-parent\" data-id=\"69deb377\" data-element_type=\"container\" data-settings=\"{&quot;background_background&quot;:&quot;classic&quot;}\">\n\t\t\t\t\t<div class=\"e-con-inner\">\n\t\t<div class=\"elementor-element elementor-element-16e94c3b e-con-full e-flex e-con e-child\" data-id=\"16e94c3b\" data-element_type=\"container\">\n\t\t\t\t<div class=\"elementor-element elementor-element-49cb835d elementor-widget-tablet__width-inherit elementor-widget elementor-widget-heading\" data-id=\"49cb835d\" data-element_type=\"widget\" data-widget_type=\"heading.default\">\n\t\t\t\t\t<h2 class=\"elementor-heading-title elementor-size-default\">Vom Kunstblut zur Realit\u00e4t: Mein Leben hinter der Kamera<\/h2>\t\t\t\t<\/div>\n\t\t\t\t<div class=\"elementor-element elementor-element-6445697 elementor-widget-tablet__width-initial elementor-widget-mobile__width-inherit elementor-widget elementor-widget-text-editor\" data-id=\"6445697\" data-element_type=\"widget\" data-widget_type=\"text-editor.default\">\n\t\t\t\t\t\t\t\t\t<p>Schon als 15-J\u00e4hriger ahnte ich wohl unbewusst, wohin mich meine Leidenschaft f\u00fchren w\u00fcrde: Ich drehte meinen ersten Spielfilm \u201eTod in der Kaverne&#187;. Viel Kunstblut, viele Vampir-Bisse und eine Premiere in der Aula meines Schulhauses, bei der bis auf die Lehrer alle Beifall klatschten.<\/p>\t\t\t\t\t\t\t\t<\/div>\n\t\t\t\t<\/div>\n\t\t<div class=\"elementor-element elementor-element-1eb2ae16 e-con-full e-flex e-con e-child\" data-id=\"1eb2ae16\" data-element_type=\"container\">\n\t\t\t\t<div class=\"elementor-element elementor-element-24abf7b elementor-widget elementor-widget-video\" data-id=\"24abf7b\" data-element_type=\"widget\" data-settings=\"{&quot;video_type&quot;:&quot;hosted&quot;,&quot;controls&quot;:&quot;yes&quot;}\" data-widget_type=\"video.default\">\n\t\t\t\t\t\t\t<div class=\"e-hosted-video elementor-wrapper elementor-open-inline\">\n\t\t\t\t\t<video class=\"elementor-video\" src=\"http:\/\/derreporter.ch\/wp-content\/uploads\/2025\/10\/Tod-in-der-Kaverne-vimeo.mp4\" controls=\"\" preload=\"metadata\" controlsList=\"nodownload\"><\/video>\n\t\t\t\t<\/div>\n\t\t\t\t\t\t<\/div>\n\t\t\t\t<\/div>\n\t\t\t\t\t<\/div>\n\t\t\t\t<\/div>\n\t\t<div class=\"elementor-element elementor-element-bc78caf e-flex e-con-boxed e-con e-parent\" data-id=\"bc78caf\" data-element_type=\"container\">\n\t\t\t\t\t<div class=\"e-con-inner\">\n\t\t<div class=\"elementor-element elementor-element-7b61c16 e-con-full e-flex e-con e-child\" data-id=\"7b61c16\" data-element_type=\"container\">\n\t\t\t\t<div class=\"elementor-element elementor-element-7a04a5b0 elementor-widget elementor-widget-heading\" data-id=\"7a04a5b0\" data-element_type=\"widget\" data-widget_type=\"heading.default\">\n\t\t\t\t\t<h2 class=\"elementor-heading-title elementor-size-default\">\u00dcber das Buch<\/h2>\t\t\t\t<\/div>\n\t\t\t\t<div class=\"elementor-element elementor-element-518c7ae elementor-widget__width-initial elementor-widget elementor-widget-text-editor\" data-id=\"518c7ae\" data-element_type=\"widget\" data-widget_type=\"text-editor.default\">\n\t\t\t\t\t\t\t\t\t<p>Selten hat ein Dokumentarfilmer des Schweizer Fernsehens mit seinen Geschichten so viel Aufmerksamkeit erregt wie Hanspeter B\u00e4ni. Er l\u00f6ste Debatten aus \u2013 etwa um den jugendlichen Straft\u00e4ter \u00abCarlos\u00bb \u2013 und erz\u00e4hlte bewegende Lebensgeschichten wie jene der \u00abWeissen K\u00f6nigin\u00bb oder eines Betr\u00fcgers \u00fcber zw\u00f6lf Jahre hinweg.<\/p><p>In seinem Buch \u00abDer Reporter \u2013 Geschichten jenseits der Dreharbeiten<em>\u00bb<\/em> \u00f6ffnet B\u00e4ni den Blick hinter die Kulissen seiner Arbeit als Dokumentarfilmer. Er erz\u00e4hlt von oft haarstr\u00e4ubenden und abenteuerlichen Erlebnissen, die sich w\u00e4hrend der Entstehung seiner Filme ereignet haben \u2013 von riskanten Drehs, unvorhersehbaren Wendungen und Begegnungen mit Menschen, die ihn tief ber\u00fchrt oder an Grenzen gef\u00fchrt haben.<\/p><p>Es sind Geschichten aus einer Welt, in der journalistische Neugier, Mut und Menschlichkeit immer wieder auf die Realit\u00e4t prallen.<\/p><p>Manchmal war B\u00e4ni auch am Puls des politischen und wirtschaftlichen Weltgeschehens: Er berichtete 2000 w\u00e4hrend des Sturzes von Slobodan Milo\u0161evi\u0107 in Belgrad, dokumentierte 2001 den Staatsbankrott in Argentinien und filmte 2010 mitten in den Unruhen der Rothemden-Bewegung in Thailand. Er befand sich in den Konfliktgebieten Pal\u00e4stinas und entging im Libanon nur knapp einem israelischen Angriff.<\/p><p>Doch B\u00e4ni erz\u00e4hlt nicht nur von Krisen und Katastrophen. In seinem Buch reflektiert der mehrfach ausgezeichnete Autor auch pers\u00f6nliche Krisen und Selbstzweifel. Mitunter betrachtet er sein eigenes Schaffen mit kritischem Blick und erz\u00e4hlt Geschichten \u00fcber Menschen, die er mit unersch\u00fctterlicher N\u00e4he und Empathie portr\u00e4tiert hat.<\/p>\t\t\t\t\t\t\t\t<\/div>\n\t\t\t\t<div class=\"elementor-element elementor-element-ba286b7 elementor-widget__width-auto elementor-mobile-align-right elementor-widget elementor-widget-button\" data-id=\"ba286b7\" data-element_type=\"widget\" data-widget_type=\"button.default\">\n\t\t\t\t\t\t\t\t\t\t<a class=\"elementor-button elementor-button-link elementor-size-sm\" href=\"https:\/\/www.buchhaus.ch\/de\/buecher\/belletristik\/biografien\/detail\/ISBN-9783907238516\/B%C3%A4ni-Hanspeter\/Der-Reporter\" target=\"_blank\">\n\t\t\t\t\t\t<span class=\"elementor-button-content-wrapper\">\n\t\t\t\t\t\t\t\t\t<span class=\"elementor-button-text\">BUCH BESTELLEN<\/span>\n\t\t\t\t\t<\/span>\n\t\t\t\t\t<\/a>\n\t\t\t\t\t\t\t\t<\/div>\n\t\t\t\t<\/div>\n\t\t<div class=\"elementor-element elementor-element-41f1114 e-con-full e-flex e-con e-child\" data-id=\"41f1114\" data-element_type=\"container\">\n\t\t\t\t<div class=\"elementor-element elementor-element-f55335a elementor-widget elementor-widget-image\" data-id=\"f55335a\" data-element_type=\"widget\" data-widget_type=\"image.default\">\n\t\t\t\t\t\t\t\t\t\t\t\t\t\t\t<img fetchpriority=\"high\" decoding=\"async\" width=\"727\" height=\"1024\" src=\"https:\/\/derreporter.ch\/wp-content\/uploads\/2025\/10\/AV-Reporter-Cover-M-727x1024.jpg\" class=\"attachment-large size-large wp-image-86\" alt=\"\" srcset=\"https:\/\/derreporter.ch\/wp-content\/uploads\/2025\/10\/AV-Reporter-Cover-M-727x1024.jpg 727w, https:\/\/derreporter.ch\/wp-content\/uploads\/2025\/10\/AV-Reporter-Cover-M-213x300.jpg 213w, https:\/\/derreporter.ch\/wp-content\/uploads\/2025\/10\/AV-Reporter-Cover-M-768x1082.jpg 768w, https:\/\/derreporter.ch\/wp-content\/uploads\/2025\/10\/AV-Reporter-Cover-M.jpg 880w\" sizes=\"(max-width: 727px) 100vw, 727px\" \/>\t\t\t\t\t\t\t\t\t\t\t\t\t\t\t<\/div>\n\t\t\t\t<\/div>\n\t\t\t\t\t<\/div>\n\t\t\t\t<\/div>\n\t\t<div class=\"elementor-element elementor-element-9171d4d e-flex e-con-boxed e-con e-parent\" data-id=\"9171d4d\" data-element_type=\"container\">\n\t\t\t\t\t<div class=\"e-con-inner\">\n\t\t\t\t<div class=\"elementor-element elementor-element-a7a3a9c elementor-widget-divider--view-line elementor-widget elementor-widget-divider\" data-id=\"a7a3a9c\" data-element_type=\"widget\" data-widget_type=\"divider.default\">\n\t\t\t\t\t\t\t<div class=\"elementor-divider\">\n\t\t\t<span class=\"elementor-divider-separator\">\n\t\t\t\t\t\t<\/span>\n\t\t<\/div>\n\t\t\t\t\t\t<\/div>\n\t\t\t\t<div class=\"elementor-element elementor-element-4360091 elementor-widget elementor-widget-heading\" data-id=\"4360091\" data-element_type=\"widget\" data-widget_type=\"heading.default\">\n\t\t\t\t\t<h2 class=\"elementor-heading-title elementor-size-default\">Drei Filme von Hanspeter B\u00e4ni,  die Aufmerksamkeit erregten<\/h2>\t\t\t\t<\/div>\n\t\t\t\t\t<\/div>\n\t\t\t\t<\/div>\n\t\t<div class=\"elementor-element elementor-element-6de316d e-grid e-con-boxed e-con e-parent\" data-id=\"6de316d\" data-element_type=\"container\">\n\t\t\t\t\t<div class=\"e-con-inner\">\n\t\t\t\t<div class=\"elementor-element elementor-element-8f08d39 elementor-widget__width-initial elementor-widget elementor-widget-video\" data-id=\"8f08d39\" data-element_type=\"widget\" data-settings=\"{&quot;youtube_url&quot;:&quot;https:\\\/\\\/www.youtube.com\\\/watch?v=WuKnL2FfDM4&quot;,&quot;video_type&quot;:&quot;youtube&quot;,&quot;controls&quot;:&quot;yes&quot;}\" data-widget_type=\"video.default\">\n\t\t\t\t\t\t\t<div class=\"elementor-wrapper elementor-open-inline\">\n\t\t\t<div class=\"elementor-video\"><\/div>\t\t<\/div>\n\t\t\t\t\t\t<\/div>\n\t\t\t\t<div class=\"elementor-element elementor-element-3f2565a elementor-widget elementor-widget-video\" data-id=\"3f2565a\" data-element_type=\"widget\" data-settings=\"{&quot;youtube_url&quot;:&quot;https:\\\/\\\/www.youtube.com\\\/watch?v=4sRoS-5SgW8&quot;,&quot;video_type&quot;:&quot;youtube&quot;,&quot;controls&quot;:&quot;yes&quot;}\" data-widget_type=\"video.default\">\n\t\t\t\t\t\t\t<div class=\"elementor-wrapper elementor-open-inline\">\n\t\t\t<div class=\"elementor-video\"><\/div>\t\t<\/div>\n\t\t\t\t\t\t<\/div>\n\t\t\t\t<div class=\"elementor-element elementor-element-abb7df4 elementor-widget elementor-widget-video\" data-id=\"abb7df4\" data-element_type=\"widget\" data-settings=\"{&quot;youtube_url&quot;:&quot;https:\\\/\\\/www.youtube.com\\\/watch?v=6D2gKbDYblU&quot;,&quot;video_type&quot;:&quot;youtube&quot;,&quot;controls&quot;:&quot;yes&quot;}\" data-widget_type=\"video.default\">\n\t\t\t\t\t\t\t<div class=\"elementor-wrapper elementor-open-inline\">\n\t\t\t<div class=\"elementor-video\"><\/div>\t\t<\/div>\n\t\t\t\t\t\t<\/div>\n\t\t\t\t<div class=\"elementor-element elementor-element-6a0ef59 elementor-widget elementor-widget-text-editor\" data-id=\"6a0ef59\" data-element_type=\"widget\" data-widget_type=\"text-editor.default\">\n\t\t\t\t\t\t\t\t\tJosef Jakob \u2013 <br> Das Leben eines Betr\u00fcgers\t\t\t\t\t\t\t\t<\/div>\n\t\t\t\t<div class=\"elementor-element elementor-element-c0582ee elementor-widget elementor-widget-text-editor\" data-id=\"c0582ee\" data-element_type=\"widget\" data-widget_type=\"text-editor.default\">\n\t\t\t\t\t\t\t\t\tDas Schicksal einer Bergbauernfamilie \u2013 <br> Eine Langzeitdokumentation\t\t\t\t\t\t\t\t<\/div>\n\t\t\t\t<div class=\"elementor-element elementor-element-c554d2a elementor-widget elementor-widget-text-editor\" data-id=\"c554d2a\" data-element_type=\"widget\" data-widget_type=\"text-editor.default\">\n\t\t\t\t\t\t\t\t\tReine Katharina \u2013 <br> Eine Schweizerin wird K\u00f6nigin in Afrika\t\t\t\t\t\t\t\t<\/div>\n\t\t\t\t\t<\/div>\n\t\t\t\t<\/div>\n\t\t<div class=\"elementor-element elementor-element-19f4c63 e-con-full e-flex e-con e-parent\" data-id=\"19f4c63\" data-element_type=\"container\" data-settings=\"{&quot;background_background&quot;:&quot;classic&quot;}\">\n\t\t<div class=\"elementor-element elementor-element-ad636a3 e-con-full e-flex e-con e-child\" data-id=\"ad636a3\" data-element_type=\"container\">\n\t\t\t\t<div class=\"elementor-element elementor-element-b6152d3 elementor-widget-tablet__width-inherit elementor-widget elementor-widget-heading\" data-id=\"b6152d3\" data-element_type=\"widget\" data-widget_type=\"heading.default\">\n\t\t\t\t\t<h2 class=\"elementor-heading-title elementor-size-default\">Im Ausnahmezustand \u2013 Hanspeter B\u00e4ni im Gespr\u00e4ch<\/h2>\t\t\t\t<\/div>\n\t\t\t\t<div class=\"elementor-element elementor-element-25a257f elementor-widget-tablet__width-initial elementor-widget-mobile__width-inherit elementor-widget elementor-widget-text-editor\" data-id=\"25a257f\" data-element_type=\"widget\" data-widget_type=\"text-editor.default\">\n\t\t\t\t\t\t\t\t\t<p>Wie gewinne ich das Vertrauen der Mitwirkenden in meinen Reportagen? Was war mein bisher anspruchsvollstes Projekt? Mit welcher Ausru\u0308stung reise ich in L\u00e4nder, in denen das Reisen schwierig oder riskant ist \u2013 und wie bereite ich mich darauf vor? \u00dcber diese und weitere Fragen sprach ich mit Jasmin Mu\u0308ller in einem Interview im Rahmen einer Live-Sendung der Masterklasse der Filmschule \u00abStudio 1\u00bb, wo ich in Teilzeit unterrichte.<\/p>\t\t\t\t\t\t\t\t<\/div>\n\t\t\t\t<\/div>\n\t\t<div class=\"elementor-element elementor-element-103a6a6 e-con-full e-flex e-con e-child\" data-id=\"103a6a6\" data-element_type=\"container\">\n\t\t\t\t<div class=\"elementor-element elementor-element-417d879 elementor-widget elementor-widget-video\" data-id=\"417d879\" data-element_type=\"widget\" data-settings=\"{&quot;youtube_url&quot;:&quot;https:\\\/\\\/youtu.be\\\/kT6A-nzvdlg&quot;,&quot;video_type&quot;:&quot;youtube&quot;,&quot;controls&quot;:&quot;yes&quot;}\" data-widget_type=\"video.default\">\n\t\t\t\t\t\t\t<div class=\"elementor-wrapper elementor-open-inline\">\n\t\t\t<div class=\"elementor-video\"><\/div>\t\t<\/div>\n\t\t\t\t\t\t<\/div>\n\t\t\t\t<\/div>\n\t\t\t\t<\/div>\n\t\t<div class=\"elementor-element elementor-element-55cfd6a e-flex e-con-boxed e-con e-parent\" data-id=\"55cfd6a\" data-element_type=\"container\">\n\t\t\t\t\t<div class=\"e-con-inner\">\n\t\t<div class=\"elementor-element elementor-element-e094365 e-con-full e-flex e-con e-child\" data-id=\"e094365\" data-element_type=\"container\">\n\t\t\t\t<div class=\"elementor-element elementor-element-4993841 elementor-widget elementor-widget-video\" data-id=\"4993841\" data-element_type=\"widget\" data-settings=\"{&quot;video_type&quot;:&quot;hosted&quot;,&quot;controls&quot;:&quot;yes&quot;}\" data-widget_type=\"video.default\">\n\t\t\t\t\t\t\t<div class=\"e-hosted-video elementor-wrapper elementor-open-inline\">\n\t\t\t\t\t<video class=\"elementor-video\" src=\"http:\/\/derreporter.ch\/wp-content\/uploads\/2026\/02\/10vo10-Baeni.mp4\" controls=\"\" preload=\"metadata\" controlsList=\"nodownload\" poster=\"http:\/\/derreporter.ch\/wp-content\/uploads\/2026\/02\/still-hpbaeni-10vor10.png\"><\/video>\n\t\t\t\t<\/div>\n\t\t\t\t\t\t<\/div>\n\t\t\t\t<\/div>\n\t\t<div class=\"elementor-element elementor-element-d8df3ed e-con-full e-flex e-con e-child\" data-id=\"d8df3ed\" data-element_type=\"container\">\n\t\t\t\t<div class=\"elementor-element elementor-element-6fa2cf6 elementor-widget__width-initial elementor-widget elementor-widget-text-editor\" data-id=\"6fa2cf6\" data-element_type=\"widget\" data-widget_type=\"text-editor.default\">\n\t\t\t\t\t\t\t\t\t<h2>Beitrag im 10vor10 vom 20. Januar 2026 zur Ver\u00f6ffentlichung des Buches<\/h2>\t\t\t\t\t\t\t\t<\/div>\n\t\t\t\t<\/div>\n\t\t\t\t\t<\/div>\n\t\t\t\t<\/div>\n\t\t\t\t<\/div>\n\t\t","protected":false},"excerpt":{"rendered":"<p>\u00abDer Reporter \u2013 Geschichten jenseits der Dreharbeiten\u00bb Ein Buch von Hanspeter B\u00e4ni \u00abDer Reporter \u2013 Geschichten jenseits der Dreharbeiten\u00bb Ein Buch von Hanspeter B\u00e4ni Vom Kunstblut zur Realit\u00e4t: Mein Leben hinter der Kamera Schon als 15-J\u00e4hriger ahnte ich wohl unbewusst, wohin mich meine Leidenschaft f\u00fchren w\u00fcrde: Ich drehte meinen ersten Spielfilm \u201eTod in der Kaverne&#187;. [&hellip;]<\/p>\n","protected":false},"author":1,"featured_media":0,"parent":0,"menu_order":0,"comment_status":"closed","ping_status":"closed","template":"","meta":{"footnotes":""},"class_list":["post-24","page","type-page","status-publish","hentry"],"_links":{"self":[{"href":"https:\/\/derreporter.ch\/index.php?rest_route=\/wp\/v2\/pages\/24","targetHints":{"allow":["GET"]}}],"collection":[{"href":"https:\/\/derreporter.ch\/index.php?rest_route=\/wp\/v2\/pages"}],"about":[{"href":"https:\/\/derreporter.ch\/index.php?rest_route=\/wp\/v2\/types\/page"}],"author":[{"embeddable":true,"href":"https:\/\/derreporter.ch\/index.php?rest_route=\/wp\/v2\/users\/1"}],"replies":[{"embeddable":true,"href":"https:\/\/derreporter.ch\/index.php?rest_route=%2Fwp%2Fv2%2Fcomments&post=24"}],"version-history":[{"count":140,"href":"https:\/\/derreporter.ch\/index.php?rest_route=\/wp\/v2\/pages\/24\/revisions"}],"predecessor-version":[{"id":1251,"href":"https:\/\/derreporter.ch\/index.php?rest_route=\/wp\/v2\/pages\/24\/revisions\/1251"}],"wp:attachment":[{"href":"https:\/\/derreporter.ch\/index.php?rest_route=%2Fwp%2Fv2%2Fmedia&parent=24"}],"curies":[{"name":"wp","href":"https:\/\/api.w.org\/{rel}","templated":true}]}}