{"id":33,"date":"2025-10-22T17:55:15","date_gmt":"2025-10-22T15:55:15","guid":{"rendered":"https:\/\/derreporter.ch\/?page_id=33"},"modified":"2026-01-22T09:33:40","modified_gmt":"2026-01-22T08:33:40","slug":"kontakt-links","status":"publish","type":"page","link":"https:\/\/derreporter.ch\/?page_id=33","title":{"rendered":"Kontakt &#038; Links"},"content":{"rendered":"\t\t<div data-elementor-type=\"wp-page\" data-elementor-id=\"33\" class=\"elementor elementor-33\" data-elementor-post-type=\"page\">\n\t\t\t\t<div class=\"elementor-element elementor-element-31ba715a e-flex e-con-boxed e-con e-parent\" data-id=\"31ba715a\" data-element_type=\"container\" data-settings=\"{&quot;background_background&quot;:&quot;classic&quot;}\">\n\t\t\t\t\t<div class=\"e-con-inner\">\n\t\t<div class=\"elementor-element elementor-element-40f48e3c e-con-full e-flex e-con e-child\" data-id=\"40f48e3c\" data-element_type=\"container\">\n\t\t\t\t<div class=\"elementor-element elementor-element-7db4f9ed elementor-widget elementor-widget-heading\" data-id=\"7db4f9ed\" data-element_type=\"widget\" data-widget_type=\"heading.default\">\n\t\t\t\t\t<h2 class=\"elementor-heading-title elementor-size-default\">Kontakt &amp; Links<\/h2>\t\t\t\t<\/div>\n\t\t\t\t<div class=\"elementor-element elementor-element-55b1bd14 elementor-widget elementor-widget-text-editor\" data-id=\"55b1bd14\" data-element_type=\"widget\" data-widget_type=\"text-editor.default\">\n\t\t\t\t\t\t\t\t\t<p>Ich freue mich \u00fcber R\u00fcckmeldungen zum Buch und Anfragen f\u00fcr Lesungen.<\/p>\t\t\t\t\t\t\t\t<\/div>\n\t\t\t\t<\/div>\n\t\t\t\t\t<\/div>\n\t\t\t\t<\/div>\n\t\t<div class=\"elementor-element elementor-element-1c2e2964 e-con-full e-flex e-con e-parent\" data-id=\"1c2e2964\" data-element_type=\"container\" data-settings=\"{&quot;background_background&quot;:&quot;classic&quot;}\">\n\t\t<div class=\"elementor-element elementor-element-162456b5 e-con-full e-flex e-con e-child\" data-id=\"162456b5\" data-element_type=\"container\" data-settings=\"{&quot;background_background&quot;:&quot;classic&quot;}\">\n\t\t\t\t<div class=\"elementor-element elementor-element-467b51f7 elementor-widget elementor-widget-heading\" data-id=\"467b51f7\" data-element_type=\"widget\" data-widget_type=\"heading.default\">\n\t\t\t\t\t<h2 class=\"elementor-heading-title elementor-size-default\">Kontaktformular<\/h2>\t\t\t\t<\/div>\n\t\t\t\t<div class=\"elementor-element elementor-element-45472f51 elementor-widget elementor-widget-text-editor\" data-id=\"45472f51\" data-element_type=\"widget\" data-widget_type=\"text-editor.default\">\n\t\t\t\t\t\t\t\t\t<p>Wir beantworten Anfragen und R\u00fcckmeldungen so rasch wie m\u00f6glich.<\/p>\t\t\t\t\t\t\t\t<\/div>\n\t\t\t\t<div class=\"elementor-element elementor-element-400dad19 elementor-button-align-center elementor-mobile-button-align-start elementor-widget elementor-widget-form\" data-id=\"400dad19\" data-element_type=\"widget\" data-settings=\"{&quot;step_next_label&quot;:&quot;Weiter&quot;,&quot;step_previous_label&quot;:&quot;Zur\\u00fcck&quot;,&quot;button_width&quot;:&quot;100&quot;,&quot;step_type&quot;:&quot;number_text&quot;,&quot;step_icon_shape&quot;:&quot;circle&quot;}\" data-widget_type=\"form.default\">\n\t\t\t\t\t\t\t<form class=\"elementor-form\" method=\"post\" name=\"Kontaktformular\" aria-label=\"Kontaktformular\">\n\t\t\t<input type=\"hidden\" name=\"post_id\" value=\"33\"\/>\n\t\t\t<input type=\"hidden\" name=\"form_id\" value=\"400dad19\"\/>\n\t\t\t<input type=\"hidden\" name=\"referer_title\" value=\"Kontakt &#038; Links\" \/>\n\n\t\t\t\t\t\t\t<input type=\"hidden\" name=\"queried_id\" value=\"33\"\/>\n\t\t\t\n\t\t\t<div class=\"elementor-form-fields-wrapper elementor-labels-above\">\n\t\t\t\t\t\t\t\t<div class=\"elementor-field-type-text elementor-field-group elementor-column elementor-field-group-vorname elementor-col-50 elementor-field-required\">\n\t\t\t\t\t\t\t\t\t\t\t\t<label for=\"form-field-vorname\" class=\"elementor-field-label\">\n\t\t\t\t\t\t\t\tVorname\t\t\t\t\t\t\t<\/label>\n\t\t\t\t\t\t\t\t\t\t\t\t\t\t<input size=\"1\" type=\"text\" name=\"form_fields[vorname]\" id=\"form-field-vorname\" class=\"elementor-field elementor-size-sm  elementor-field-textual\" required=\"required\">\n\t\t\t\t\t\t\t\t\t\t\t<\/div>\n\t\t\t\t\t\t\t\t<div class=\"elementor-field-type-text elementor-field-group elementor-column elementor-field-group-nachname elementor-col-50 elementor-field-required\">\n\t\t\t\t\t\t\t\t\t\t\t\t<label for=\"form-field-nachname\" class=\"elementor-field-label\">\n\t\t\t\t\t\t\t\tNachname\t\t\t\t\t\t\t<\/label>\n\t\t\t\t\t\t\t\t\t\t\t\t\t\t<input size=\"1\" type=\"text\" name=\"form_fields[nachname]\" id=\"form-field-nachname\" class=\"elementor-field elementor-size-sm  elementor-field-textual\" required=\"required\">\n\t\t\t\t\t\t\t\t\t\t\t<\/div>\n\t\t\t\t\t\t\t\t<div class=\"elementor-field-type-email elementor-field-group elementor-column elementor-field-group-email elementor-col-50 elementor-field-required\">\n\t\t\t\t\t\t\t\t\t\t\t\t<label for=\"form-field-email\" class=\"elementor-field-label\">\n\t\t\t\t\t\t\t\tE-Mail\t\t\t\t\t\t\t<\/label>\n\t\t\t\t\t\t\t\t\t\t\t\t\t\t<input size=\"1\" type=\"email\" name=\"form_fields[email]\" id=\"form-field-email\" class=\"elementor-field elementor-size-sm  elementor-field-textual\" required=\"required\">\n\t\t\t\t\t\t\t\t\t\t\t<\/div>\n\t\t\t\t\t\t\t\t<div class=\"elementor-field-type-number elementor-field-group elementor-column elementor-field-group-telefonnummer elementor-col-50\">\n\t\t\t\t\t\t\t\t\t\t\t\t<label for=\"form-field-telefonnummer\" class=\"elementor-field-label\">\n\t\t\t\t\t\t\t\tTelefonnummer\t\t\t\t\t\t\t<\/label>\n\t\t\t\t\t\t\t\t\t<input type=\"number\" name=\"form_fields[telefonnummer]\" id=\"form-field-telefonnummer\" class=\"elementor-field elementor-size-sm  elementor-field-textual\" min=\"\" max=\"\" >\n\t\t\t\t\t\t<\/div>\n\t\t\t\t\t\t\t\t<div class=\"elementor-field-type-textarea elementor-field-group elementor-column elementor-field-group-nachricht elementor-col-100\">\n\t\t\t\t\t\t\t\t\t\t\t\t<label for=\"form-field-nachricht\" class=\"elementor-field-label\">\n\t\t\t\t\t\t\t\tNachricht\t\t\t\t\t\t\t<\/label>\n\t\t\t\t\t\t<textarea class=\"elementor-field-textual elementor-field  elementor-size-sm\" name=\"form_fields[nachricht]\" id=\"form-field-nachricht\" rows=\"4\" placeholder=\"Bitte Ihre Nachricht eingeben...\"><\/textarea>\t\t\t\t<\/div>\n\t\t\t\t\t\t\t\t<div class=\"elementor-field-group elementor-column elementor-field-type-submit elementor-col-100 e-form__buttons\">\n\t\t\t\t\t<button class=\"elementor-button elementor-size-sm\" type=\"submit\">\n\t\t\t\t\t\t<span class=\"elementor-button-content-wrapper\">\n\t\t\t\t\t\t\t\t\t\t\t\t\t\t\t\t\t\t\t\t\t\t<span class=\"elementor-button-text\">Absenden<\/span>\n\t\t\t\t\t\t\t\t\t\t\t\t\t<\/span>\n\t\t\t\t\t<\/button>\n\t\t\t\t<\/div>\n\t\t\t<\/div>\n\t\t<\/form>\n\t\t\t\t\t\t<\/div>\n\t\t\t\t<\/div>\n\t\t\t\t<\/div>\n\t\t<div class=\"elementor-element elementor-element-11df85b e-flex e-con-boxed e-con e-parent\" data-id=\"11df85b\" data-element_type=\"container\" data-settings=\"{&quot;background_background&quot;:&quot;classic&quot;}\">\n\t\t\t\t\t<div class=\"e-con-inner\">\n\t\t<div class=\"elementor-element elementor-element-67ddd55b e-con-full e-flex e-con e-child\" data-id=\"67ddd55b\" data-element_type=\"container\">\n\t\t\t\t<div class=\"elementor-element elementor-element-90eb226 elementor-widget elementor-widget-heading\" data-id=\"90eb226\" data-element_type=\"widget\" data-widget_type=\"heading.default\">\n\t\t\t\t\t<h2 class=\"elementor-heading-title elementor-size-default\">Pressetexte zum Download<\/h2>\t\t\t\t<\/div>\n\t\t\t\t<div class=\"elementor-element elementor-element-3146709e elementor-widget elementor-widget-text-editor\" data-id=\"3146709e\" data-element_type=\"widget\" data-widget_type=\"text-editor.default\">\n\t\t\t\t\t\t\t\t\t<p><span style=\"text-decoration: underline;\"><a href=\"http:\/\/derreporter.ch\/wp-content\/uploads\/2025\/11\/Kurzbeschreibung-Buch-Der-Reporter.pdf\" target=\"_blank\" rel=\"noopener\">Kurzbeschreibung Buch<\/a>\u00a0<\/span><\/p><p><a href=\"http:\/\/derreporter.ch\/wp-content\/uploads\/2025\/11\/Beschreibung-Buch-Der-Reporter.pdf\" target=\"_blank\" rel=\"noopener\"><span style=\"text-decoration: underline;\">Beschreibung Buch<\/span><\/a><\/p><p><a href=\"http:\/\/derreporter.ch\/wp-content\/uploads\/2025\/11\/Biografie-Hanspeter-Baeni.pdf\" target=\"_blank\" rel=\"noopener\"><span style=\"text-decoration: underline;\">Biografie Hanspeter B\u00e4ni<\/span><\/a><\/p>\t\t\t\t\t\t\t\t<\/div>\n\t\t<div class=\"elementor-element elementor-element-7386a3d e-con-full e-flex e-con e-child\" data-id=\"7386a3d\" data-element_type=\"container\">\n\t\t\t\t<div class=\"elementor-element elementor-element-5f05b79 elementor-widget elementor-widget-heading\" data-id=\"5f05b79\" data-element_type=\"widget\" data-widget_type=\"heading.default\">\n\t\t\t\t\t<h2 class=\"elementor-heading-title elementor-size-default\">Links<\/h2>\t\t\t\t<\/div>\n\t\t\t\t<div class=\"elementor-element elementor-element-fab4f49 elementor-widget elementor-widget-text-editor\" data-id=\"fab4f49\" data-element_type=\"widget\" data-widget_type=\"text-editor.default\">\n\t\t\t\t\t\t\t\t\t<p><a class=\"moz-txt-link-freetext\" href=\"https:\/\/arisverlag.ch\/\" target=\"_blank\" rel=\"noopener\">https:\/\/arisverlag.ch\/<\/a><\/p><p><a href=\"http:\/\/hanspeterbaeni.ch\/\" target=\"_blank\" rel=\"noopener\">http:\/\/hanspeterbaeni.ch\/<\/a><\/p><p><a href=\"https:\/\/www.buchhaus.ch\/de\/buecher\/belletristik\/biografien\/detail\/ISBN-9783907238516\/B%C3%A4ni-Hanspeter\/Der-Reporter\" target=\"_blank\" rel=\"noopener\">Buch bestellen<\/a><\/p>\t\t\t\t\t\t\t\t<\/div>\n\t\t\t\t<\/div>\n\t\t\t\t<\/div>\n\t\t<div class=\"elementor-element elementor-element-5f6f786e e-con-full e-flex e-con e-child\" data-id=\"5f6f786e\" data-element_type=\"container\">\n\t\t\t\t<div class=\"elementor-element elementor-element-7deedc52 elementor-widget elementor-widget-heading\" data-id=\"7deedc52\" data-element_type=\"widget\" data-widget_type=\"heading.default\">\n\t\t\t\t\t<h2 class=\"elementor-heading-title elementor-size-default\">Bilder zum Download<\/h2>\t\t\t\t<\/div>\n\t\t\t\t<div class=\"elementor-element elementor-element-76dd5f64 elementor-widget elementor-widget-text-editor\" data-id=\"76dd5f64\" data-element_type=\"widget\" data-widget_type=\"text-editor.default\">\n\t\t\t\t\t\t\t\t\t<p><a href=\"http:\/\/derreporter.ch\/wp-content\/uploads\/2025\/10\/AV-Reporter-Cover-M.jpg\" download=\"AV-Reporter-Cover-M.jpg\">Buchcover<br \/><\/a><\/p><p><a href=\"http:\/\/derreporter.ch\/wp-content\/uploads\/2025\/10\/3-_E2A3148-6582-3_full.jpg\" download=\"Portraet.jpg\">Portr\u00e4t Hanspeter B\u00e4ni<\/a><\/p>\t\t\t\t\t\t\t\t<\/div>\n\t\t\t\t<\/div>\n\t\t<div class=\"elementor-element elementor-element-5e98d81 e-con-full e-flex e-con e-child\" data-id=\"5e98d81\" data-element_type=\"container\">\n\t\t\t\t<div class=\"elementor-element elementor-element-0e88956 elementor-widget elementor-widget-heading\" data-id=\"0e88956\" data-element_type=\"widget\" data-widget_type=\"heading.default\">\n\t\t\t\t\t<h2 class=\"elementor-heading-title elementor-size-default\">Filme von Hanspeter B\u00e4ni<\/h2>\t\t\t\t<\/div>\n\t\t\t\t<div class=\"elementor-element elementor-element-e420023 elementor-widget elementor-widget-text-editor\" data-id=\"e420023\" data-element_type=\"widget\" data-widget_type=\"text-editor.default\">\n\t\t\t\t\t\t\t\t\t<p><a href=\"https:\/\/www.youtube.com\/watch?v=WuKnL2FfDM4\"><span style=\"text-decoration: underline;\">Das Leben eines Betru\u0308gers (YouTube)<\/span><\/a><\/p><p><a href=\"https:\/\/www.youtube.com\/watch?v=4sRoS-5SgW8\"><span style=\"text-decoration: underline;\">Schicksal einer Bergbauernfamilie (YouTube)<\/span><\/a><\/p><p><a href=\"https:\/\/www.youtube.com\/watch?v=6D2gKbDYblU\"><span style=\"text-decoration: underline;\">Tod einer K\u00f6nigin (YouTube)<\/span><\/a><\/p><p><a href=\"https:\/\/www.youtube.com\/@srfdoku\/search?query=Hanspeter%20B%C3%A4ni\" target=\"_blank\" rel=\"noopener\"><span style=\"text-decoration: underline;\">Weitere Filme auf YouTube<\/span><\/a><\/p>\t\t\t\t\t\t\t\t<\/div>\n\t\t\t\t<\/div>\n\t\t\t\t\t<\/div>\n\t\t\t\t<\/div>\n\t\t<div class=\"elementor-element elementor-element-69eafeac e-con-full e-flex e-con e-parent\" data-id=\"69eafeac\" data-element_type=\"container\">\n\t\t<div class=\"elementor-element elementor-element-208854c e-con-full e-flex e-con e-child\" data-id=\"208854c\" data-element_type=\"container\">\n\t\t\t\t<div class=\"elementor-element elementor-element-3fb78912 elementor-cta--layout-image-below elementor-cta--skin-classic elementor-animated-content elementor-bg-transform elementor-bg-transform-zoom-in elementor-widget elementor-widget-call-to-action\" data-id=\"3fb78912\" data-element_type=\"widget\" data-widget_type=\"call-to-action.default\">\n\t\t\t\t\t\t\t<div class=\"elementor-cta\">\n\t\t\t\t\t<div class=\"elementor-cta__bg-wrapper\">\n\t\t\t\t<div class=\"elementor-cta__bg elementor-bg\" style=\"background-image: url(https:\/\/derreporter.ch\/wp-content\/uploads\/2025\/10\/order_the_book.jpg);\" role=\"img\" aria-label=\"order_the_book\"><\/div>\n\t\t\t\t<div class=\"elementor-cta__bg-overlay\"><\/div>\n\t\t\t<\/div>\n\t\t\t\t\t\t\t\t<\/div>\n\t\t\t\t\t\t<\/div>\n\t\t\t\t<\/div>\n\t\t<div class=\"elementor-element elementor-element-7ac37344 e-con-full e-flex e-con e-child\" data-id=\"7ac37344\" data-element_type=\"container\" data-settings=\"{&quot;background_background&quot;:&quot;classic&quot;}\">\n\t\t\t\t<div class=\"elementor-element elementor-element-7e32d60a elementor-widget elementor-widget-heading\" data-id=\"7e32d60a\" data-element_type=\"widget\" data-widget_type=\"heading.default\">\n\t\t\t\t\t<h2 class=\"elementor-heading-title elementor-size-default\"><a href=\"http:\/\/www.buchhaus.ch\">Das Buch ist auch online erh\u00e4ltlich.<\/a><\/h2>\t\t\t\t<\/div>\n\t\t\t\t<div class=\"elementor-element elementor-element-40c4528e elementor-widget__width-auto elementor-widget elementor-widget-button\" data-id=\"40c4528e\" data-element_type=\"widget\" data-widget_type=\"button.default\">\n\t\t\t\t\t\t\t\t\t\t<a class=\"elementor-button elementor-button-link elementor-size-sm\" href=\"https:\/\/www.buchhaus.ch\/de\/buecher\/belletristik\/biografien\/detail\/ISBN-9783907238516\/B%C3%A4ni-Hanspeter\/Der-Reporter\" target=\"_blank\">\n\t\t\t\t\t\t<span class=\"elementor-button-content-wrapper\">\n\t\t\t\t\t\t\t\t\t<span class=\"elementor-button-text\">BUCH BESTELLEN<\/span>\n\t\t\t\t\t<\/span>\n\t\t\t\t\t<\/a>\n\t\t\t\t\t\t\t\t<\/div>\n\t\t\t\t<\/div>\n\t\t\t\t<\/div>\n\t\t\t\t<\/div>\n\t\t","protected":false},"excerpt":{"rendered":"<p>Kontakt &amp; Links Ich freue mich \u00fcber R\u00fcckmeldungen zum Buch und Anfragen f\u00fcr Lesungen. Kontaktformular Wir beantworten Anfragen und R\u00fcckmeldungen so rasch wie m\u00f6glich. Pressetexte zum Download Kurzbeschreibung Buch\u00a0 Beschreibung Buch Biografie Hanspeter B\u00e4ni Links https:\/\/arisverlag.ch\/ http:\/\/hanspeterbaeni.ch\/ Buch bestellen Bilder zum Download Buchcover Portr\u00e4t Hanspeter B\u00e4ni Filme von Hanspeter B\u00e4ni Das Leben eines Betru\u0308gers (YouTube) [&hellip;]<\/p>\n","protected":false},"author":1,"featured_media":0,"parent":0,"menu_order":0,"comment_status":"closed","ping_status":"closed","template":"","meta":{"footnotes":""},"class_list":["post-33","page","type-page","status-publish","hentry"],"_links":{"self":[{"href":"https:\/\/derreporter.ch\/index.php?rest_route=\/wp\/v2\/pages\/33","targetHints":{"allow":["GET"]}}],"collection":[{"href":"https:\/\/derreporter.ch\/index.php?rest_route=\/wp\/v2\/pages"}],"about":[{"href":"https:\/\/derreporter.ch\/index.php?rest_route=\/wp\/v2\/types\/page"}],"author":[{"embeddable":true,"href":"https:\/\/derreporter.ch\/index.php?rest_route=\/wp\/v2\/users\/1"}],"replies":[{"embeddable":true,"href":"https:\/\/derreporter.ch\/index.php?rest_route=%2Fwp%2Fv2%2Fcomments&post=33"}],"version-history":[{"count":91,"href":"https:\/\/derreporter.ch\/index.php?rest_route=\/wp\/v2\/pages\/33\/revisions"}],"predecessor-version":[{"id":1231,"href":"https:\/\/derreporter.ch\/index.php?rest_route=\/wp\/v2\/pages\/33\/revisions\/1231"}],"wp:attachment":[{"href":"https:\/\/derreporter.ch\/index.php?rest_route=%2Fwp%2Fv2%2Fmedia&parent=33"}],"curies":[{"name":"wp","href":"https:\/\/api.w.org\/{rel}","templated":true}]}}