{"id":380,"date":"2025-10-23T21:52:01","date_gmt":"2025-10-23T19:52:01","guid":{"rendered":"https:\/\/derreporter.ch\/?page_id=380"},"modified":"2026-04-01T14:21:30","modified_gmt":"2026-04-01T12:21:30","slug":"lesungen-3","status":"publish","type":"page","link":"https:\/\/derreporter.ch\/?page_id=380","title":{"rendered":"Lesungen"},"content":{"rendered":"\t\t<div data-elementor-type=\"wp-page\" data-elementor-id=\"380\" class=\"elementor elementor-380\" data-elementor-post-type=\"page\">\n\t\t\t\t<div class=\"elementor-element elementor-element-4f8e851 e-flex e-con-boxed e-con e-parent\" data-id=\"4f8e851\" data-element_type=\"container\" data-settings=\"{&quot;background_background&quot;:&quot;classic&quot;}\">\n\t\t\t\t\t<div class=\"e-con-inner\">\n\t\t<div class=\"elementor-element elementor-element-387f573c e-con-full e-flex e-con e-child\" data-id=\"387f573c\" data-element_type=\"container\">\n\t\t\t\t<div class=\"elementor-element elementor-element-65ddd57a elementor-widget elementor-widget-heading\" data-id=\"65ddd57a\" data-element_type=\"widget\" data-widget_type=\"heading.default\">\n\t\t\t\t\t<h2 class=\"elementor-heading-title elementor-size-default\">Lesungen \u2013 <br> \u00abDer Reporter \u2013 Geschichten jenseits der Dreharbeiten\u00bb<\/h2>\t\t\t\t<\/div>\n\t\t\t\t<div class=\"elementor-element elementor-element-bbfb292 elementor-widget elementor-widget-text-editor\" data-id=\"bbfb292\" data-element_type=\"widget\" data-widget_type=\"text-editor.default\">\n\t\t\t\t\t\t\t\t\t<p>Hanspeter B\u00e4ni ist mit seinem Buch \u00abDer Reporter \u2013 Geschichten jenseits der Dreharbeiten\u00bb auf Lesereise durch die Schweiz. Ausgew\u00e4hlte Lesungen werden moderiert von R\u00f6bi Koller.<\/p>\t\t\t\t\t\t\t\t<\/div>\n\t\t\t\t<\/div>\n\t\t\t\t\t<\/div>\n\t\t\t\t<\/div>\n\t\t<div class=\"elementor-element elementor-element-174100f e-flex e-con-boxed e-con e-parent\" data-id=\"174100f\" data-element_type=\"container\">\n\t\t\t\t\t<div class=\"e-con-inner\">\n\t\t\t\t<div class=\"elementor-element elementor-element-b326ce1 elementor-widget elementor-widget-text-editor\" data-id=\"b326ce1\" data-element_type=\"widget\" data-widget_type=\"text-editor.default\">\n\t\t\t\t\t\t\t\t\t<h2>Lesungen von Hanspeter B\u00e4ni<\/h2>\nDie Liste wird regelm\u00e4ssig aktualisiert. F\u00fcr Anfragen bitte das Kontaktformular nutzen.\n<div class=\"cards\">\n<div class=\"card\">\n<h3>10.04.2026 \u2013 Olten<\/h3>\n<br><strong>Ort:<\/strong> Kino Lichtspiel, Klosterplatz 20\n<br><strong>Zeit:<\/strong> 19.00 Uhr\n<\/div>\n<div class=\"card\">\n<h3>14.04.2026 \u2013 Niederglatt<\/h3>\n<br><strong>Ort:<\/strong> Bibliothek, Zentrum Eichi\n<br><strong>Zeit:<\/strong> 19.00 Uhr\n<\/div>\n<div class=\"card\">\n<h3>16.04.2026 \u2013 K\u00fcsnacht<\/h3>\n<br><strong>Ort:<\/strong> Bibliothek, Seestrasse 123\n<br><strong>Zeit:<\/strong> 19.30 Uhr\n<br><a class=\"button\" href=\"mailto:bibliothek@kuesnacht.ch\">Anmeldung per E-Mail<\/a>\n<\/div>\n<div class=\"card\">\n<h3>22.04.2026 \u2013 Stein am Rhein<\/h3>\n<br><strong>Ort:<\/strong> Kulturhaus Obere Stube\n<br><strong>Zeit:<\/strong> 19.00 Uhr\n<\/div>\n<div class=\"card\">\n<h3>24.04.2026 \u2013 Sch\u00e4nis (SG)<\/h3>\n<br><strong>Ort:<\/strong> Pfarreisaal Sch\u00e4nis (organisiert von der Gemeindebibliothek Sch\u00e4nis), Eichen\n<br><strong>Zeit:<\/strong> 19.30 Uhr\n<br><a class=\"button\" href=\"mailto:bibliothek@schaenis.ch\">Anmeldung per E-Mail<\/a>\n<\/div>\n<div class=\"card\">\n<h3>30.04.2026 \u2013 Uzwil<\/h3>\n<br><strong>Ort:<\/strong> Bibliothek, Bahnhofstrasse 83a\n<br><strong>Zeit:<\/strong> 19.00 Uhr\n<\/div>\n<div class=\"card\">\n<h3>13.05.2026 \u2013 Huttwil<\/h3>\n<br><strong>Ort:<\/strong> Bibliothek, Marktgasse 3\n<br><strong>Zeit:<\/strong> 19.30 Uhr\n<\/div>\n<div class=\"card\">\n<h3>19.05.2026 \u2013 Schifffahrt auf dem \u00c4gerisee<\/h3>\n<br><strong>Ort:<\/strong> \u00c4gerisee\n<br><strong>Zeit:<\/strong> Abfahrt Ober\u00e4geri: 19.00 Uhr, Abfahrt Unter\u00e4geri: 19.15 Uhr\n<\/div>\n<div class=\"card\">\n<h3>28.05.2026 \u2013 K\u00fcssnacht am Rigi<\/h3>\n<br><strong>Ort:<\/strong> Kelmattstrasse 26\n<br><strong>Zeit:<\/strong> 19.00 Uhr\n<\/div>\n<div class=\"card\">\n<h3>28.08.2026 \u2013 Berg\u00fcn \/ Filisur<\/h3>\n<br><strong>Ort:<\/strong> Bibliothek\n<\/div>\n<div class=\"card\">\n<h3>03.09.2026 \u2013 Bad Ragaz<\/h3>\n<br><strong>Ort:<\/strong> Bibliothek, Badstrasse 16\n<br><strong>Zeit:<\/strong> 19.30 Uhr\n<\/div>\n<div class=\"card\">\n<h3>04.09.2026 \u2013 Hitzkirch<\/h3>\n<br><strong>Ort:<\/strong> Rittersaal, Seminarstrasse 2\n<br><strong>Zeit:<\/strong> 19.00 Uhr\n<\/div>\n<div class=\"card\">\n<h3>08.09.2026 \u2013 Zug<\/h3>\n<br><strong>Ort:<\/strong> Burgbachsaal, Pro Senectute\n<br><strong>Zeit:<\/strong> Interne Veranstaltung\n<\/div>\n<div class=\"card\">\n<h3>10.09.2026 \u2013 Jegenstorf<\/h3>\n<br><strong>Ort:<\/strong> Schloss, General-Guisanstrasse 5\n<br><strong>Zeit:<\/strong> 19.30 Uhr\n<\/div>\n<div class=\"card\">\n<h3>18.09.2026 \u2013 Oetwil am See<\/h3>\n<br><strong>Ort:<\/strong> Bibliothek, Schulhausstrasse 10\n<br><strong>Zeit:<\/strong> 19.00 Uhr\n<\/div>\n<div class=\"card\">\n<h3>19.09.2026 \u2013 Walzenhausen<\/h3>\n<br><strong>Ort:<\/strong> Bibliothek, Dorf 69, 9428 Walzenhausen\n<br><strong>Zeit:<\/strong> 17.00 Uhr\n<\/div>\n<div class=\"card\">\n<h3>24.09.2026 \u2013 R\u00fcmlang<\/h3>\n<br><strong>Ort:<\/strong> Begegnungszentrum, Ifangstrasse 90\n<br><strong>Zeit:<\/strong> 19.30 Uhr\n<\/div>\n<div class=\"card\">\n<h3>22.10.2026 \u2013 Effretikon<\/h3>\n<br><strong>Ort:<\/strong> Stadthaussaal\n<br><strong>Zeit:<\/strong> 14.30 Uhr\n<br><a class=\"button\" href=\"https:\/\/eventfrog.ch\/de\/p\/theater-buehne\/lesungen\/der-reporter-geschichten-jenseits-der-dreharbeiten-7416425387847105430.html\" target=\"_blank\" rel=\"noopener\">Zur Anmeldung<\/a>\n<\/div>\n<div class=\"card\">\n<h3>29.10.2026 \u2013 Baar<\/h3>\n<br><strong>Ort:<\/strong> Rathus-Sch\u00fc\u00fcr, Rathausstrasse 2\n<br><strong>Zeit:<\/strong> 20.15 Uhr\n<\/div>\n<div class=\"card\">\n<h3>03.11.2026 \u2013 Weisslingen<\/h3>\n<br><strong>Ort:<\/strong> Bibliothek, Dettenriedstrasse 24\n<br><strong>Zeit:<\/strong> 18.30 Uhr\n<\/div>\n<div class=\"card\">\n<h3>05.11.2026 \u2013 Dietlikon<\/h3>\n<br><strong>Ort:<\/strong> Bibliothek, Dorfstrasse 2\n<br><strong>Zeit:<\/strong> 19.00 Uhr\n<\/div>\n<div class=\"card\">\n<h3>07.11.2026 \u2013 Laupersdorf<\/h3>\n<br><strong>Ort:<\/strong> Bibliothek, H\u00f6ngerstrasse 555\n<br><strong>Zeit:<\/strong> 19.00 Uhr\n<\/div>\n<div class=\"card\">\n<h3>03.02.2027 \u2013 Adliswil<\/h3>\n<br><strong>Ort:<\/strong> Bibliothek, Florastrasse 10\n<br><strong>Zeit:<\/strong> 19.00 Uhr\n<\/div>\n<div class=\"card\">\n<h3>05.03.2027 \u2013 Mosnang (SG)<\/h3>\n<br><strong>Ort:<\/strong> Oberstufenzentrum, Schulstrasse 9\n<br><strong>Zeit:<\/strong> 20.00 Uhr\n<\/div>\n<\/div>\n<h3>Vergangene Veranstaltungen<\/h3>\n<div class=\"cards\">\n<div class=\"card\">\n<h3>27.03.2026 \u2013 Hedingen (ZH)<\/h3>\n<br><strong>Ort:<\/strong> Bibliothek, Trottenweg 12\n<br><strong>Zeit:<\/strong> 19.30 Uhr\n<\/div>\n<div class=\"card\">\n<h3>26.03.2026 \u2013 Steinhausen (ZG)<\/h3>\n<br><strong>Ort:<\/strong> Bibliothek, Bahnhofstrasse 5\n<br><strong>Zeit:<\/strong> 19.30 Uhr\n<\/div>\n<div class=\"card\">\n<h3>19.03.2026 \u2013 Opfikon<\/h3>\n<br><strong>Ort:<\/strong> Stadtbibliothek, Dorfstrasse 32\n<br><strong>Zeit:<\/strong> 19.30 Uhr\n<\/div>\n<div class=\"card\">\n<h3>18.03.2026 \u2013 Wohlen<\/h3>\n<br><strong>Ort:<\/strong> Bibliothek mit Filmclub, Bankweg 2\n<br><strong>Zeit:<\/strong> 19.00 Uhr\n<\/div>\n<div class=\"card\">\n<h3>16.03.2026 \u2013 Luzern<\/h3>\n<br><strong>Ort:<\/strong> Kino Bourbaki, L\u00f6wenplatz 11\n<br><strong>Zeit:<\/strong> 18.45 Uhr\n<\/div>\n<div class=\"card\">\n<h3>14.03.2026 \u2013 Dielsdorf<\/h3>\n<br><strong>Ort:<\/strong> Bistro Philosophe, Regensbergstrasse 26\n<br><strong>Zeit:<\/strong> 19.30 Uhr\n<\/div>\n<div class=\"card\">\n<h3>12.03.2026 \u2013 Langnau im Emmental<\/h3>\n<br><strong>Ort:<\/strong> Regionalbibliothek, Dorfstrasse 22\n<br><strong>Zeit:<\/strong> 19.30 Uhr\n<\/div>\n<div class=\"card\">\n<h3>11.03.2026 \u2013 St\u00e4fa<\/h3>\n<br><strong>Ort:<\/strong> Bibliothek, Tr\u00e4nkenbachstrasse 35\n<br><strong>Zeit:<\/strong> 19.30 Uhr\n<\/div>\n<div class=\"card\">\n<h3>06.03.2026 \u2013 M\u00f6riken-Wildegg (AG)<\/h3>\n<br><strong>Ort:<\/strong> Bibliothek, Schulhausstrasse 1\n<br><strong>Zeit:<\/strong> 19.00 Uhr\n<\/div>\n<div class=\"card\">\n<h3>05.03.2026 \u2013 Bern<\/h3>\n<br><strong>Ort:<\/strong> Kornhausbibliothek (L\u00e4nggasse), Vereinsweg 27\n<br><strong>Zeit:<\/strong> 19.00 Uhr\n<\/div>\n<div class=\"card\">\n<h3>04.03.2026 \u2013 Aarau<\/h3>\n<br><strong>Ort:<\/strong> Stadtbibliothek, Graben 15\n<br><strong>Zeit:<\/strong> 19.00 Uhr\n<\/div>\n<div class=\"card\">\n<h3>24.02.2026 \u2013 Baden<\/h3>\n<br><strong>Ort:<\/strong> Buchhandlung Orell F\u00fcssli, Langhaus 4\n<br><strong>Zeit:<\/strong> 20.00 Uhr \u2013 mit R\u00f6bi Koller als Moderator\n<\/div>\n<div class=\"card\">\n<h3>19.02.2026 \u2013 Wilderswil<\/h3>\n<br><strong>Ort:<\/strong> Bibliothek, Allmendstrasse 2\n<br><strong>Zeit:<\/strong> 19.00 Uhr\n<\/div>\n<div class=\"card\">\n<h3>17.02.2026 \u2013 Glarus<\/h3>\n<br><strong>Ort:<\/strong> Buchhandlung Wortreich, Abl\u00e4schstrasse 79\n<br><strong>Zeit:<\/strong> 19.00 Uhr\n<\/div>\n<div class=\"card\">\n<h3>10.02.2026 \u2013 Sissach<\/h3>\n<br><strong>Ort:<\/strong> Bibliothek, Kirchgasse 11\n<br><strong>Zeit:<\/strong> 19.00 Uhr\n<\/div>\n<div class=\"card\">\n<h3>07.02.2026 \u2013 Davos-Platz<\/h3>\n<br><strong>Ort:<\/strong> Kursaal, Kulturplatz Davos, Promenade 58C\n<br><strong>Zeit:<\/strong> 20.00 Uhr \u2013 mit R\u00f6bi Koller als Moderator\n<\/div>\n<div class=\"card\">\n<h3>05.02.2026 \u2013 Muri<\/h3>\n<br><strong>Ort:<\/strong> Volkshochschule, Marktgasse 8, Raum Gerold\n<br><strong>Zeit:<\/strong> 19.00 Uhr\n<\/div>\n<div class=\"card\">\n<h3>30.01.2026 \u2013 M\u00f6nchaltdorf<\/h3>\n<br><strong>Ort:<\/strong> Bibliothek, M\u00f6nchhof 1\n<br><strong>Zeit:<\/strong> 19.00 Uhr\n<\/div>\n<div class=\"card\">\n<h3>26.01.2026 \u2013 Olten<\/h3>\n<br><strong>Ort:<\/strong> Kino Lichtspiel, Klosterplatz 20\n<br><strong>Zeit:<\/strong> 19.00 Uhr\n<\/div>\n<div class=\"card\">\n<h3>22.01.2026 \u2013 Niederhasli<\/h3>\n<br><strong>Ort:<\/strong> Mediathek, Spitalstrasse 20\n<br><strong>Zeit:<\/strong> 19.30 Uhr\n<\/div>\n<div class=\"card\">\n<h3>20.01.2026 \u2013 Solothurn<\/h3>\n<br><strong>Ort:<\/strong> Caf\u00e9 de l&#8217;Industrie, Vogelherdstrasse 17\n<br><strong>Zeit:<\/strong> 20.00 Uhr\n<\/div>\n<div class=\"card\">\n<h3>17.01.2026 \u2013 Brugg<\/h3>\n<br><strong>Ort:<\/strong> Kino Odeon, Bahnhofplatz 11\n<br><strong>Zeit:<\/strong> 20.15 Uhr \u2013 Aargauer Buchpremiere (mit R\u00f6bi Koller)\n<\/div>\n<div class=\"card\">\n<h3>16.01.2026 \u2013 Z\u00fcrich<\/h3>\n<br><strong>Ort:<\/strong> Helferei, Kirchgasse 13\n<br><strong>Zeit:<\/strong> 19.00 Uhr \u2013 Buchvernissage (mit R\u00f6bi Koller als Moderator)\n<\/div>\n<\/div>\t\t\t\t\t\t\t\t<\/div>\n\t\t\t\t\t<\/div>\n\t\t\t\t<\/div>\n\t\t\t\t<\/div>\n\t\t","protected":false},"excerpt":{"rendered":"<p>Lesungen \u2013 \u00abDer Reporter \u2013 Geschichten jenseits der Dreharbeiten\u00bb Hanspeter B\u00e4ni ist mit seinem Buch \u00abDer Reporter \u2013 Geschichten jenseits der Dreharbeiten\u00bb auf Lesereise durch die Schweiz. Ausgew\u00e4hlte Lesungen werden moderiert von R\u00f6bi Koller. Lesungen von Hanspeter B\u00e4ni Die Liste wird regelm\u00e4ssig aktualisiert. F\u00fcr Anfragen bitte das Kontaktformular nutzen. 10.04.2026 \u2013 Olten Ort: Kino Lichtspiel, [&hellip;]<\/p>\n","protected":false},"author":1,"featured_media":0,"parent":0,"menu_order":0,"comment_status":"closed","ping_status":"closed","template":"","meta":{"footnotes":""},"class_list":["post-380","page","type-page","status-publish","hentry"],"_links":{"self":[{"href":"https:\/\/derreporter.ch\/index.php?rest_route=\/wp\/v2\/pages\/380","targetHints":{"allow":["GET"]}}],"collection":[{"href":"https:\/\/derreporter.ch\/index.php?rest_route=\/wp\/v2\/pages"}],"about":[{"href":"https:\/\/derreporter.ch\/index.php?rest_route=\/wp\/v2\/types\/page"}],"author":[{"embeddable":true,"href":"https:\/\/derreporter.ch\/index.php?rest_route=\/wp\/v2\/users\/1"}],"replies":[{"embeddable":true,"href":"https:\/\/derreporter.ch\/index.php?rest_route=%2Fwp%2Fv2%2Fcomments&post=380"}],"version-history":[{"count":106,"href":"https:\/\/derreporter.ch\/index.php?rest_route=\/wp\/v2\/pages\/380\/revisions"}],"predecessor-version":[{"id":1275,"href":"https:\/\/derreporter.ch\/index.php?rest_route=\/wp\/v2\/pages\/380\/revisions\/1275"}],"wp:attachment":[{"href":"https:\/\/derreporter.ch\/index.php?rest_route=%2Fwp%2Fv2%2Fmedia&parent=380"}],"curies":[{"name":"wp","href":"https:\/\/api.w.org\/{rel}","templated":true}]}}