{"id":963,"date":"2025-11-04T16:20:29","date_gmt":"2025-11-04T15:20:29","guid":{"rendered":"https:\/\/derreporter.ch\/?page_id=963"},"modified":"2025-11-04T21:15:14","modified_gmt":"2025-11-04T20:15:14","slug":"datenschutzerklaerung-2","status":"publish","type":"page","link":"https:\/\/derreporter.ch\/?page_id=963","title":{"rendered":"Impressum"},"content":{"rendered":"\n<h2 class=\"wp-block-heading\">Impressum<\/h2>\n\n\n\n<h3 class=\"wp-block-heading\">Verantwortlich f\u00fcr den Inhalt<\/h3>\n\n\n\n<p><strong>Hanspeter B\u00e4ni<\/strong><br>E-Mail: <a href=\"mailto:buero@derreporter.ch\">buero@derreporter.ch<\/a><br>Website: <a href=\"https:\/\/derreporter.ch\" target=\"_blank\" rel=\"noreferrer noopener\">https:\/\/derreporter.ch<\/a><\/p>\n\n\n\n<h3 class=\"wp-block-heading\">Postadresse<\/h3>\n\n\n\n<p>Hanspeter B\u00e4ni<br>c\/o Der Reporter<br>[Strasse und PLZ\/Ort erg\u00e4nzen]<br>Schweiz<\/p>\n\n\n\n<h3 class=\"wp-block-heading\">Konzept, Texte und Fotos<\/h3>\n\n\n\n<p>Hanspeter B\u00e4ni<\/p>\n\n\n\n<h3 class=\"wp-block-heading\">Webdesign und Umsetzung<\/h3>\n\n\n\n<p>Kilroy Communications<br><a href=\"https:\/\/kilroycomms.ch\" target=\"_blank\" rel=\"noreferrer noopener\">https:\/\/kilroycomms.ch<\/a><\/p>\n\n\n\n<h3 class=\"wp-block-heading\">Hosting<\/h3>\n\n\n\n<p>Infomaniak Network SA<br>Rue Eug\u00e8ne-Marziano 25<br>1227 Gen\u00e8ve, Schweiz<br><a href=\"https:\/\/www.infomaniak.com\" target=\"_blank\" rel=\"noreferrer noopener\">https:\/\/www.infomaniak.com<\/a><\/p>\n\n\n\n<h3 class=\"wp-block-heading\">Urheberrecht<\/h3>\n\n\n\n<p>Alle Inhalte dieser Website, insbesondere Texte, Bilder und Videos, sind urheberrechtlich gesch\u00fctzt und d\u00fcrfen ohne schriftliche Zustimmung von Hanspeter B\u00e4ni nicht verwendet, vervielf\u00e4ltigt oder verbreitet werden.<\/p>\n\n\n\n<h3 class=\"wp-block-heading\">Haftungsausschluss<\/h3>\n\n\n\n<p>Die Inhalte dieser Website wurden mit gr\u00f6sster Sorgfalt erstellt. F\u00fcr Richtigkeit, Vollst\u00e4ndigkeit und Aktualit\u00e4t der Inhalte wird keine Gew\u00e4hr \u00fcbernommen. Verlinkte externe Websites liegen ausserhalb unseres Einflussbereichs. Zum Zeitpunkt der Verlinkung waren keine rechtswidrigen Inhalte erkennbar.<\/p>\n\n\n\n<h3 class=\"wp-block-heading\">Datenschutz<\/h3>\n\n\n\n<p>Informationen zur Verarbeitung personenbezogener Daten finden Sie in unserer <a href=\"https:\/\/derreporter.ch\/?page_id=3\" data-type=\"link\" data-id=\"https:\/\/derreporter.ch\/?page_id=3\">Datenschutzerkl\u00e4rung<\/a>.<\/p>\n\n\n\n<p><em>Letzte Aktualisierung: November 2025<\/em><\/p>\n\n\n\n<p><\/p>\n","protected":false},"excerpt":{"rendered":"<p>Impressum Verantwortlich f\u00fcr den Inhalt Hanspeter B\u00e4niE-Mail: buero@derreporter.chWebsite: https:\/\/derreporter.ch Postadresse Hanspeter B\u00e4nic\/o Der Reporter[Strasse und PLZ\/Ort erg\u00e4nzen]Schweiz Konzept, Texte und Fotos Hanspeter B\u00e4ni Webdesign und Umsetzung Kilroy Communicationshttps:\/\/kilroycomms.ch Hosting Infomaniak Network SARue Eug\u00e8ne-Marziano 251227 Gen\u00e8ve, Schweizhttps:\/\/www.infomaniak.com Urheberrecht Alle Inhalte dieser Website, insbesondere Texte, Bilder und Videos, sind urheberrechtlich gesch\u00fctzt und d\u00fcrfen ohne schriftliche Zustimmung von [&hellip;]<\/p>\n","protected":false},"author":1,"featured_media":0,"parent":0,"menu_order":0,"comment_status":"closed","ping_status":"closed","template":"","meta":{"footnotes":""},"class_list":["post-963","page","type-page","status-publish","hentry"],"_links":{"self":[{"href":"https:\/\/derreporter.ch\/index.php?rest_route=\/wp\/v2\/pages\/963","targetHints":{"allow":["GET"]}}],"collection":[{"href":"https:\/\/derreporter.ch\/index.php?rest_route=\/wp\/v2\/pages"}],"about":[{"href":"https:\/\/derreporter.ch\/index.php?rest_route=\/wp\/v2\/types\/page"}],"author":[{"embeddable":true,"href":"https:\/\/derreporter.ch\/index.php?rest_route=\/wp\/v2\/users\/1"}],"replies":[{"embeddable":true,"href":"https:\/\/derreporter.ch\/index.php?rest_route=%2Fwp%2Fv2%2Fcomments&post=963"}],"version-history":[{"count":4,"href":"https:\/\/derreporter.ch\/index.php?rest_route=\/wp\/v2\/pages\/963\/revisions"}],"predecessor-version":[{"id":973,"href":"https:\/\/derreporter.ch\/index.php?rest_route=\/wp\/v2\/pages\/963\/revisions\/973"}],"wp:attachment":[{"href":"https:\/\/derreporter.ch\/index.php?rest_route=%2Fwp%2Fv2%2Fmedia&parent=963"}],"curies":[{"name":"wp","href":"https:\/\/api.w.org\/{rel}","templated":true}]}}